{"id":2576,"date":"2026-01-31T19:09:15","date_gmt":"2026-01-31T19:09:15","guid":{"rendered":"https:\/\/homefamily.lt\/?post_type=product&#038;p=2576"},"modified":"2026-01-31T19:16:31","modified_gmt":"2026-01-31T19:16:31","slug":"oriniq-scandinavian-memories-duso-zele-250-ml","status":"publish","type":"product","link":"https:\/\/homefamily.lt\/?product=oriniq-scandinavian-memories-duso-zele-250-ml","title":{"rendered":"ORINIQ Scandinavian Memories du\u0161o prausiklis 250 ml"},"content":{"rendered":"<p data-start=\"47\" data-end=\"374\"><strong data-start=\"47\" data-end=\"126\">K\u016bno ir plauk\u0173 prie\u017ei\u016bros du\u0161o prausiklis \u201eScandinavian Memories\u201c i\u0161 ORINIQ<\/strong> suteikia gryn\u0105 atsipalaidavim\u0105 k\u016bnui ir protui. Maitinanti tekst\u016bra u\u017eburia medienos ir uog\u0173 aromatu \u2013 sandalmed\u017eio ir tek\u0161\u0117s natomis. Du\u0161o prausiklio sud\u0117tyje esantis <strong data-start=\"295\" data-end=\"311\">avi\u017e\u0173 pienas<\/strong> harmoningai u\u017ebaigia atsipalaidavimo patirt\u012f ir puosel\u0117ja od\u0105.<\/p>\n<p data-start=\"376\" data-end=\"698\"><strong data-start=\"376\" data-end=\"388\">Sud\u0117tis:<\/strong><br data-start=\"388\" data-end=\"391\" \/>Aqua, Sodium Laureth Sulfate, Glycerin, Cocamidopropyl Betaine, Sodium Chloride, Glycol Distearate, Avena Sativa Kernel Extract, Parfum, Coco-Glucoside, Sodium Benzoate, Cocamide MEA, Laureth-10, Citric Acid, Potassium Sorbate, Hydroxypropyl Guar Hydroxypropyltrimonium Chloride, Phenoxyethanol, Lactic Acid<\/p>\n","protected":false},"excerpt":{"rendered":"<p>K\u016bno ir plauk\u0173 prie\u017ei\u016bros du\u0161o prausiklis \u201eScandinavian Memories\u201c i\u0161 ORINIQ suteikia gryn\u0105 atsipalaidavim\u0105 k\u016bnui ir protui. Maitinanti tekst\u016bra u\u017eburia medienos ir uog\u0173 aromatu \u2013 sandalmed\u017eio ir tek\u0161\u0117s natomis. Du\u0161o prausiklio sud\u0117tyje esantis avi\u017e\u0173 pienas harmoningai u\u017ebaigia atsipalaidavimo patirt\u012f ir puosel\u0117ja od\u0105. Sud\u0117tis:Aqua, Sodium Laureth Sulfate, Glycerin, Cocamidopropyl Betaine, Sodium Chloride, Glycol Distearate, Avena Sativa Kernel [&hellip;]<\/p>\n","protected":false},"featured_media":2581,"comment_status":"open","ping_status":"closed","template":"","meta":{"_uag_custom_page_level_css":"","site-sidebar-layout":"default","site-content-layout":"","ast-site-content-layout":"default","site-content-style":"default","site-sidebar-style":"default","ast-global-header-display":"","ast-banner-title-visibility":"","ast-main-header-display":"","ast-hfb-above-header-display":"","ast-hfb-below-header-display":"","ast-hfb-mobile-header-display":"","site-post-title":"","ast-breadcrumbs-content":"","ast-featured-img":"","footer-sml-layout":"","ast-disable-related-posts":"","theme-transparent-header-meta":"default","adv-header-id-meta":"","stick-header-meta":"","header-above-stick-meta":"","header-main-stick-meta":"","header-below-stick-meta":"","astra-migrate-meta-layouts":"set","ast-page-background-enabled":"default","ast-page-background-meta":{"desktop":{"background-color":"","background-image":"","background-repeat":"repeat","background-position":"center center","background-size":"auto","background-attachment":"scroll","background-type":"","background-media":"","overlay-type":"","overlay-color":"","overlay-opacity":"","overlay-gradient":""},"tablet":{"background-color":"","background-image":"","background-repeat":"repeat","background-position":"center center","background-size":"auto","background-attachment":"scroll","background-type":"","background-media":"","overlay-type":"","overlay-color":"","overlay-opacity":"","overlay-gradient":""},"mobile":{"background-color":"","background-image":"","background-repeat":"repeat","background-position":"center center","background-size":"auto","background-attachment":"scroll","background-type":"","background-media":"","overlay-type":"","overlay-color":"","overlay-opacity":"","overlay-gradient":""}},"ast-content-background-meta":{"desktop":{"background-color":"var(--ast-global-color-5)","background-image":"","background-repeat":"repeat","background-position":"center center","background-size":"auto","background-attachment":"scroll","background-type":"","background-media":"","overlay-type":"","overlay-color":"","overlay-opacity":"","overlay-gradient":""},"tablet":{"background-color":"var(--ast-global-color-5)","background-image":"","background-repeat":"repeat","background-position":"center center","background-size":"auto","background-attachment":"scroll","background-type":"","background-media":"","overlay-type":"","overlay-color":"","overlay-opacity":"","overlay-gradient":""},"mobile":{"background-color":"var(--ast-global-color-5)","background-image":"","background-repeat":"repeat","background-position":"center center","background-size":"auto","background-attachment":"scroll","background-type":"","background-media":"","overlay-type":"","overlay-color":"","overlay-opacity":"","overlay-gradient":""}}},"product_brand":[44],"product_cat":[43],"product_tag":[],"class_list":{"0":"post-2576","1":"product","2":"type-product","3":"status-publish","4":"has-post-thumbnail","6":"product_brand-oriniq","7":"product_cat-duso-kremas","8":"desktop-align-left","9":"tablet-align-left","10":"mobile-align-left","12":"first","13":"instock","14":"shipping-taxable","15":"purchasable","16":"product-type-simple"},"uagb_featured_image_src":{"full":["https:\/\/homefamily.lt\/wp-content\/uploads\/2026\/01\/Cremedusche_Scandinavian_Memories.jpg",501,501,false],"thumbnail":["https:\/\/homefamily.lt\/wp-content\/uploads\/2026\/01\/Cremedusche_Scandinavian_Memories-150x150.jpg",150,150,true],"medium":["https:\/\/homefamily.lt\/wp-content\/uploads\/2026\/01\/Cremedusche_Scandinavian_Memories-300x300.jpg",300,300,true],"medium_large":["https:\/\/homefamily.lt\/wp-content\/uploads\/2026\/01\/Cremedusche_Scandinavian_Memories.jpg",501,501,false],"large":["https:\/\/homefamily.lt\/wp-content\/uploads\/2026\/01\/Cremedusche_Scandinavian_Memories.jpg",501,501,false],"1536x1536":["https:\/\/homefamily.lt\/wp-content\/uploads\/2026\/01\/Cremedusche_Scandinavian_Memories.jpg",501,501,false],"2048x2048":["https:\/\/homefamily.lt\/wp-content\/uploads\/2026\/01\/Cremedusche_Scandinavian_Memories.jpg",501,501,false],"woocommerce_thumbnail":["https:\/\/homefamily.lt\/wp-content\/uploads\/2026\/01\/Cremedusche_Scandinavian_Memories-300x300.jpg",300,300,true],"woocommerce_single":["https:\/\/homefamily.lt\/wp-content\/uploads\/2026\/01\/Cremedusche_Scandinavian_Memories.jpg",501,501,false],"woocommerce_gallery_thumbnail":["https:\/\/homefamily.lt\/wp-content\/uploads\/2026\/01\/Cremedusche_Scandinavian_Memories-100x100.jpg",100,100,true]},"uagb_author_info":{"display_name":"homeandfamily.shop13@gmail.com","author_link":"https:\/\/homefamily.lt\/?author=0"},"uagb_comment_info":0,"uagb_excerpt":"K\u016bno ir plauk\u0173 prie\u017ei\u016bros du\u0161o prausiklis \u201eScandinavian Memories\u201c i\u0161 ORINIQ suteikia gryn\u0105 atsipalaidavim\u0105 k\u016bnui ir protui. Maitinanti tekst\u016bra u\u017eburia medienos ir uog\u0173 aromatu \u2013 sandalmed\u017eio ir tek\u0161\u0117s natomis. Du\u0161o prausiklio sud\u0117tyje esantis avi\u017e\u0173 pienas harmoningai u\u017ebaigia atsipalaidavimo patirt\u012f ir puosel\u0117ja od\u0105. Sud\u0117tis:Aqua, Sodium Laureth Sulfate, Glycerin, Cocamidopropyl Betaine, Sodium Chloride, Glycol Distearate, Avena Sativa Kernel&hellip;","_links":{"self":[{"href":"https:\/\/homefamily.lt\/index.php?rest_route=\/wp\/v2\/product\/2576","targetHints":{"allow":["GET"]}}],"collection":[{"href":"https:\/\/homefamily.lt\/index.php?rest_route=\/wp\/v2\/product"}],"about":[{"href":"https:\/\/homefamily.lt\/index.php?rest_route=\/wp\/v2\/types\/product"}],"replies":[{"embeddable":true,"href":"https:\/\/homefamily.lt\/index.php?rest_route=%2Fwp%2Fv2%2Fcomments&post=2576"}],"wp:featuredmedia":[{"embeddable":true,"href":"https:\/\/homefamily.lt\/index.php?rest_route=\/wp\/v2\/media\/2581"}],"wp:attachment":[{"href":"https:\/\/homefamily.lt\/index.php?rest_route=%2Fwp%2Fv2%2Fmedia&parent=2576"}],"wp:term":[{"taxonomy":"product_brand","embeddable":true,"href":"https:\/\/homefamily.lt\/index.php?rest_route=%2Fwp%2Fv2%2Fproduct_brand&post=2576"},{"taxonomy":"product_cat","embeddable":true,"href":"https:\/\/homefamily.lt\/index.php?rest_route=%2Fwp%2Fv2%2Fproduct_cat&post=2576"},{"taxonomy":"product_tag","embeddable":true,"href":"https:\/\/homefamily.lt\/index.php?rest_route=%2Fwp%2Fv2%2Fproduct_tag&post=2576"}],"curies":[{"name":"wp","href":"https:\/\/api.w.org\/{rel}","templated":true}]}}