{"id":2574,"date":"2026-01-31T19:08:59","date_gmt":"2026-01-31T19:08:59","guid":{"rendered":"https:\/\/homefamily.lt\/?post_type=product&#038;p=2574"},"modified":"2026-01-31T19:17:07","modified_gmt":"2026-01-31T19:17:07","slug":"oriniq-marrakesh-promise-duso-kremas-250-ml-84-fl-oz","status":"publish","type":"product","link":"https:\/\/homefamily.lt\/?product=oriniq-marrakesh-promise-duso-kremas-250-ml-84-fl-oz","title":{"rendered":"ORINIQ Marrakesh Promise du\u0161o kremas 250 ml \/ 8,4 fl oz"},"content":{"rendered":"<p data-start=\"47\" data-end=\"363\"><strong data-start=\"47\" data-end=\"105\">Kreminis du\u0161o prausiklis \u201eMarrakech Promise\u201c i\u0161 ORINIQ<\/strong> leid\u017eia m\u0117gautis pasaki\u0161komis atsipalaidavimo akimirkomis, \u012fkv\u0117ptomis Ryt\u0173 paslapties. Argano aliejus, sezam\u0173 aliejus ir fig\u0173 ekstraktas puosel\u0117ja od\u0105 tarsi i\u0161 <strong data-start=\"266\" data-end=\"298\">T\u016bkstan\u010dio ir vienos nakties<\/strong> pasak\u0173, palikdami j\u0105 \u0161velni\u0105, pamaitint\u0105 ir maloniai kvepian\u010di\u0105.<\/p>\n<p data-start=\"365\" data-end=\"758\"><strong data-start=\"365\" data-end=\"377\">Sud\u0117tis:<\/strong><br data-start=\"377\" data-end=\"380\" \/>Aqua, Sodium Laureth Sulfate, Glycerin, Cocamidopropyl Betaine, Sodium Chloride, Glycol Distearate, Argan Oil Glycereth-8 Esters, Ficus Carica (Fig) Fruit Extract, Sesamum Indicum Seed Oil, Parfum, Coco-Glucoside, Sodium Benzoate, Citric Acid, Cocamide MEA, Laureth-10, Potassium Sorbate, Hydroxypropyl Guar Hydroxypropyltrimonium Chloride, Linalool, Phenoxyethanol, Lactic Aci<\/p>\n","protected":false},"excerpt":{"rendered":"<p>Kreminis du\u0161o prausiklis \u201eMarrakech Promise\u201c i\u0161 ORINIQ leid\u017eia m\u0117gautis pasaki\u0161komis atsipalaidavimo akimirkomis, \u012fkv\u0117ptomis Ryt\u0173 paslapties. Argano aliejus, sezam\u0173 aliejus ir fig\u0173 ekstraktas puosel\u0117ja od\u0105 tarsi i\u0161 T\u016bkstan\u010dio ir vienos nakties pasak\u0173, palikdami j\u0105 \u0161velni\u0105, pamaitint\u0105 ir maloniai kvepian\u010di\u0105. Sud\u0117tis:Aqua, Sodium Laureth Sulfate, Glycerin, Cocamidopropyl Betaine, Sodium Chloride, Glycol Distearate, Argan Oil Glycereth-8 Esters, Ficus Carica [&hellip;]<\/p>\n","protected":false},"featured_media":2575,"comment_status":"open","ping_status":"closed","template":"","meta":{"_uag_custom_page_level_css":"","site-sidebar-layout":"default","site-content-layout":"","ast-site-content-layout":"default","site-content-style":"default","site-sidebar-style":"default","ast-global-header-display":"","ast-banner-title-visibility":"","ast-main-header-display":"","ast-hfb-above-header-display":"","ast-hfb-below-header-display":"","ast-hfb-mobile-header-display":"","site-post-title":"","ast-breadcrumbs-content":"","ast-featured-img":"","footer-sml-layout":"","ast-disable-related-posts":"","theme-transparent-header-meta":"default","adv-header-id-meta":"","stick-header-meta":"","header-above-stick-meta":"","header-main-stick-meta":"","header-below-stick-meta":"","astra-migrate-meta-layouts":"set","ast-page-background-enabled":"default","ast-page-background-meta":{"desktop":{"background-color":"","background-image":"","background-repeat":"repeat","background-position":"center center","background-size":"auto","background-attachment":"scroll","background-type":"","background-media":"","overlay-type":"","overlay-color":"","overlay-opacity":"","overlay-gradient":""},"tablet":{"background-color":"","background-image":"","background-repeat":"repeat","background-position":"center center","background-size":"auto","background-attachment":"scroll","background-type":"","background-media":"","overlay-type":"","overlay-color":"","overlay-opacity":"","overlay-gradient":""},"mobile":{"background-color":"","background-image":"","background-repeat":"repeat","background-position":"center center","background-size":"auto","background-attachment":"scroll","background-type":"","background-media":"","overlay-type":"","overlay-color":"","overlay-opacity":"","overlay-gradient":""}},"ast-content-background-meta":{"desktop":{"background-color":"var(--ast-global-color-5)","background-image":"","background-repeat":"repeat","background-position":"center center","background-size":"auto","background-attachment":"scroll","background-type":"","background-media":"","overlay-type":"","overlay-color":"","overlay-opacity":"","overlay-gradient":""},"tablet":{"background-color":"var(--ast-global-color-5)","background-image":"","background-repeat":"repeat","background-position":"center center","background-size":"auto","background-attachment":"scroll","background-type":"","background-media":"","overlay-type":"","overlay-color":"","overlay-opacity":"","overlay-gradient":""},"mobile":{"background-color":"var(--ast-global-color-5)","background-image":"","background-repeat":"repeat","background-position":"center center","background-size":"auto","background-attachment":"scroll","background-type":"","background-media":"","overlay-type":"","overlay-color":"","overlay-opacity":"","overlay-gradient":""}}},"product_brand":[44],"product_cat":[43],"product_tag":[],"class_list":{"0":"post-2574","1":"product","2":"type-product","3":"status-publish","4":"has-post-thumbnail","6":"product_brand-oriniq","7":"product_cat-duso-kremas","8":"desktop-align-left","9":"tablet-align-left","10":"mobile-align-left","12":"first","13":"instock","14":"shipping-taxable","15":"purchasable","16":"product-type-simple"},"uagb_featured_image_src":{"full":["https:\/\/homefamily.lt\/wp-content\/uploads\/2026\/01\/oriniq-cream-shower-marrakech-promise-250-ml.jpg",1000,1000,false],"thumbnail":["https:\/\/homefamily.lt\/wp-content\/uploads\/2026\/01\/oriniq-cream-shower-marrakech-promise-250-ml-150x150.jpg",150,150,true],"medium":["https:\/\/homefamily.lt\/wp-content\/uploads\/2026\/01\/oriniq-cream-shower-marrakech-promise-250-ml-300x300.jpg",300,300,true],"medium_large":["https:\/\/homefamily.lt\/wp-content\/uploads\/2026\/01\/oriniq-cream-shower-marrakech-promise-250-ml-768x768.jpg",768,768,true],"large":["https:\/\/homefamily.lt\/wp-content\/uploads\/2026\/01\/oriniq-cream-shower-marrakech-promise-250-ml.jpg",1000,1000,false],"1536x1536":["https:\/\/homefamily.lt\/wp-content\/uploads\/2026\/01\/oriniq-cream-shower-marrakech-promise-250-ml.jpg",1000,1000,false],"2048x2048":["https:\/\/homefamily.lt\/wp-content\/uploads\/2026\/01\/oriniq-cream-shower-marrakech-promise-250-ml.jpg",1000,1000,false],"woocommerce_thumbnail":["https:\/\/homefamily.lt\/wp-content\/uploads\/2026\/01\/oriniq-cream-shower-marrakech-promise-250-ml-300x300.jpg",300,300,true],"woocommerce_single":["https:\/\/homefamily.lt\/wp-content\/uploads\/2026\/01\/oriniq-cream-shower-marrakech-promise-250-ml-600x600.jpg",600,600,true],"woocommerce_gallery_thumbnail":["https:\/\/homefamily.lt\/wp-content\/uploads\/2026\/01\/oriniq-cream-shower-marrakech-promise-250-ml-100x100.jpg",100,100,true]},"uagb_author_info":{"display_name":"homeandfamily.shop13@gmail.com","author_link":"https:\/\/homefamily.lt\/?author=0"},"uagb_comment_info":0,"uagb_excerpt":"Kreminis du\u0161o prausiklis \u201eMarrakech Promise\u201c i\u0161 ORINIQ leid\u017eia m\u0117gautis pasaki\u0161komis atsipalaidavimo akimirkomis, \u012fkv\u0117ptomis Ryt\u0173 paslapties. Argano aliejus, sezam\u0173 aliejus ir fig\u0173 ekstraktas puosel\u0117ja od\u0105 tarsi i\u0161 T\u016bkstan\u010dio ir vienos nakties pasak\u0173, palikdami j\u0105 \u0161velni\u0105, pamaitint\u0105 ir maloniai kvepian\u010di\u0105. Sud\u0117tis:Aqua, Sodium Laureth Sulfate, Glycerin, Cocamidopropyl Betaine, Sodium Chloride, Glycol Distearate, Argan Oil Glycereth-8 Esters, Ficus Carica&hellip;","_links":{"self":[{"href":"https:\/\/homefamily.lt\/index.php?rest_route=\/wp\/v2\/product\/2574","targetHints":{"allow":["GET"]}}],"collection":[{"href":"https:\/\/homefamily.lt\/index.php?rest_route=\/wp\/v2\/product"}],"about":[{"href":"https:\/\/homefamily.lt\/index.php?rest_route=\/wp\/v2\/types\/product"}],"replies":[{"embeddable":true,"href":"https:\/\/homefamily.lt\/index.php?rest_route=%2Fwp%2Fv2%2Fcomments&post=2574"}],"wp:featuredmedia":[{"embeddable":true,"href":"https:\/\/homefamily.lt\/index.php?rest_route=\/wp\/v2\/media\/2575"}],"wp:attachment":[{"href":"https:\/\/homefamily.lt\/index.php?rest_route=%2Fwp%2Fv2%2Fmedia&parent=2574"}],"wp:term":[{"taxonomy":"product_brand","embeddable":true,"href":"https:\/\/homefamily.lt\/index.php?rest_route=%2Fwp%2Fv2%2Fproduct_brand&post=2574"},{"taxonomy":"product_cat","embeddable":true,"href":"https:\/\/homefamily.lt\/index.php?rest_route=%2Fwp%2Fv2%2Fproduct_cat&post=2574"},{"taxonomy":"product_tag","embeddable":true,"href":"https:\/\/homefamily.lt\/index.php?rest_route=%2Fwp%2Fv2%2Fproduct_tag&post=2574"}],"curies":[{"name":"wp","href":"https:\/\/api.w.org\/{rel}","templated":true}]}}