{"id":2571,"date":"2026-01-31T18:56:05","date_gmt":"2026-01-31T18:56:05","guid":{"rendered":"https:\/\/homefamily.lt\/?post_type=product&#038;p=2571"},"modified":"2026-02-17T20:21:53","modified_gmt":"2026-02-17T20:21:53","slug":"giliai-atkuriantis-kondicionierius-guhl-kopija","status":"publish","type":"product","link":"https:\/\/homefamily.lt\/?product=giliai-atkuriantis-kondicionierius-guhl-kopija","title":{"rendered":"\u201eGuhl\u201c giliai atkuriantis ir atstatantis \u0161amp\u016bnas pa\u017eeistiems ir \u012fvairiai nualintiems plaukams, 250 ml"},"content":{"rendered":"<div class=\"elementor-element elementor-element-b17339f elementor-widget elementor-widget-heading\" data-id=\"b17339f\" data-element_type=\"widget\" data-widget_type=\"heading.default\">\n<div class=\"elementor-widget-container\"><\/div>\n<\/div>\n<div class=\"elementor-element elementor-element-1c35fe5 retailer e-con-full e-flex e-con e-child\" data-id=\"1c35fe5\" data-element_type=\"container\" data-settings=\"{&quot;jet_parallax_layout_list&quot;:[],&quot;background_background&quot;:&quot;classic&quot;}\">\n<div class=\"elementor-element elementor-element-ecd168f e-con-full e-flex e-con e-child\" data-id=\"ecd168f\" data-element_type=\"container\" data-settings=\"{&quot;background_background&quot;:&quot;classic&quot;,&quot;jet_parallax_layout_list&quot;:[]}\">\n<div class=\"elementor-element elementor-element-e32e954 retaileramazon elementor-widget elementor-widget-image\" data-id=\"e32e954\" data-element_type=\"widget\" data-widget_type=\"image.default\">\n<div class=\"elementor-widget-container\"><strong style=\"font-size: 16px;\"><span dir=\"auto\">\u201eGuhl&#8217;s Repair &amp; Rebuild\u201c \u0161amp\u016bnas giliai stiprina ir regeneruoja pa\u017eeist\u0173, l\u016b\u017ein\u0117jan\u010di\u0173 ir l\u016b\u017ein\u0117jan\u010di\u0173 plauk\u0173 strukt\u016br\u0105, akimirksniu suteikdamas jiems \u0161ilkin\u012f blizges\u012f.<\/span><\/strong><span dir=\"auto\" style=\"font-size: 16px;\">\u00a0Reguliariai naudojant, pastebimai suma\u017e\u0117ja l\u016b\u017ein\u0117jimas, \u012ftr\u016bkimai ir galiuk\u0173 skilin\u0117jimas. D\u0117l maitinamosios formul\u0117s su migdol\u0173 aliejumi ir augaliniu keratinu plauk\u0173 pavir\u0161ius tampa lygesnis, o plaukai akimirksniu atrodo sveikesni. M\u0117gaukit\u0117s kremin\u0117mis, sodriomis putomis, kurios akivaizd\u017eiai pagerina plauk\u0173 paklusnum\u0105*, ir leiskite sau b\u016bti lepinam \u0161ilto raudon\u0173\u00a0<\/span><span class=\"glossaryLink\" style=\"font-size: 16px;\" tabindex=\"0\" role=\"link\" aria-describedby=\"tt\" data-cmtooltip=\"cmtt_218dacfd68f215b1408cfb36e82294b7\" data-gt-translate-attributes=\"[{&quot;attribute&quot;:&quot;data-cmtooltip&quot;, &quot;format&quot;:&quot;html&quot;}]\"><span dir=\"auto\">uog\u0173<\/span><\/span><span dir=\"auto\" style=\"font-size: 16px;\">\u00a0ir balt\u0173 \u017eied\u0173 kvapo po kiekvieno plovimo.<\/span><\/div>\n<\/div>\n<\/div>\n<\/div>\n<p data-start=\"94\" data-end=\"141\"><strong data-start=\"94\" data-end=\"139\">Dermatologi\u0161kai patvirtinta<\/strong><\/p>\n<ul data-start=\"142\" data-end=\"248\">\n<li data-start=\"142\" data-end=\"187\">\n<p data-start=\"144\" data-end=\"187\">98 % sudedam\u0173j\u0173 dali\u0173 \u2013 nat\u016bralios kilm\u0117s<\/p>\n<\/li>\n<li data-start=\"188\" data-end=\"222\">\n<p data-start=\"190\" data-end=\"222\">Perdirbamas buteliuko korpusas<\/p>\n<\/li>\n<li data-start=\"223\" data-end=\"248\">\n<p data-start=\"225\" data-end=\"248\">Pagaminta Vokietijoje<\/p>\n<\/li>\n<\/ul>\n<div class=\"elementor-element elementor-element-3916045 elementor-widget elementor-widget-heading\" data-id=\"3916045\" data-element_type=\"widget\" data-widget_type=\"heading.default\">\n<div class=\"elementor-widget-container\">\n<pre class=\"elementor-heading-title elementor-size-default\"><\/pre>\n<\/div>\n<\/div>\n","protected":false},"excerpt":{"rendered":"<p><strong><span dir=\"auto\">\u201eGuhl\u201c prek\u0117s \u017eenklas.<\/span><\/strong><\/p>\n<p>Jau daugiau nei 85 metus \u201eGuhl\u201c kuria auk\u0161tos kokyb\u0117s plauk\u0173 prie\u017ei\u016bros priemones, kuriomis galima pasikliauti. Tur\u0117dami daugiau nei 20 produkt\u0173 linij\u0173, jie si\u016blo sprendimus beveik kiekvienam plauk\u0173 poreikiui \u2013 plaukai atrodo akivaizd\u017eiai stipresni ir pamaitinti. \u201eGuhl\u201c produktai yra dermatologi\u0161kai patikrinti, be silikon\u0173, sertifikuoti PETA VEGANI\u0160KI, sukurti i\u0161 Europoje gaunam\u0173 ingredient\u0173 ir pagaminti Vokietijoje. Prabangios putos, i\u0161skirtiniai kvapai ir \u0161velnios tekst\u016bros kiekvien\u0105 plovim\u0105 paver\u010dia tikru palepinimo ritualu.<\/p>\n","protected":false},"featured_media":2572,"comment_status":"open","ping_status":"closed","template":"","meta":{"_uag_custom_page_level_css":"","site-sidebar-layout":"no-sidebar","site-content-layout":"boxed-container","ast-site-content-layout":"normal-width-container","site-content-style":"boxed","site-sidebar-style":"boxed","ast-global-header-display":"","ast-banner-title-visibility":"","ast-main-header-display":"","ast-hfb-above-header-display":"","ast-hfb-below-header-display":"","ast-hfb-mobile-header-display":"","site-post-title":"","ast-breadcrumbs-content":"","ast-featured-img":"","footer-sml-layout":"","ast-disable-related-posts":"","theme-transparent-header-meta":"default","adv-header-id-meta":"","stick-header-meta":"","header-above-stick-meta":"","header-main-stick-meta":"","header-below-stick-meta":"","astra-migrate-meta-layouts":"set","ast-page-background-enabled":"default","ast-page-background-meta":{"desktop":{"background-color":"","background-image":"","background-repeat":"repeat","background-position":"center center","background-size":"auto","background-attachment":"scroll","background-type":"","background-media":"","overlay-type":"","overlay-color":"","overlay-opacity":"","overlay-gradient":""},"tablet":{"background-color":"","background-image":"","background-repeat":"repeat","background-position":"center center","background-size":"auto","background-attachment":"scroll","background-type":"","background-media":"","overlay-type":"","overlay-color":"","overlay-opacity":"","overlay-gradient":""},"mobile":{"background-color":"","background-image":"","background-repeat":"repeat","background-position":"center center","background-size":"auto","background-attachment":"scroll","background-type":"","background-media":"","overlay-type":"","overlay-color":"","overlay-opacity":"","overlay-gradient":""}},"ast-content-background-meta":{"desktop":{"background-color":"var(--ast-global-color-5)","background-image":"","background-repeat":"repeat","background-position":"center center","background-size":"auto","background-attachment":"scroll","background-type":"","background-media":"","overlay-type":"","overlay-color":"","overlay-opacity":"","overlay-gradient":""},"tablet":{"background-color":"var(--ast-global-color-5)","background-image":"","background-repeat":"repeat","background-position":"center center","background-size":"auto","background-attachment":"scroll","background-type":"","background-media":"","overlay-type":"","overlay-color":"","overlay-opacity":"","overlay-gradient":""},"mobile":{"background-color":"var(--ast-global-color-5)","background-image":"","background-repeat":"repeat","background-position":"center center","background-size":"auto","background-attachment":"scroll","background-type":"","background-media":"","overlay-type":"","overlay-color":"","overlay-opacity":"","overlay-gradient":""}}},"product_brand":[41],"product_cat":[40],"product_tag":[],"class_list":{"0":"post-2571","1":"product","2":"type-product","3":"status-publish","4":"has-post-thumbnail","6":"product_brand-guhl","7":"product_cat-plaukams","8":"desktop-align-left","9":"tablet-align-left","10":"mobile-align-left","12":"first","13":"instock","14":"shipping-taxable","15":"purchasable","16":"product-type-simple"},"uagb_featured_image_src":{"full":["https:\/\/homefamily.lt\/wp-content\/uploads\/2026\/01\/guhl-shampoo-tiefenaufbaureparatur-fuer-vielseitig-strapaziertesgeschaedigtes-haar-250ml.jpg",800,800,false],"thumbnail":["https:\/\/homefamily.lt\/wp-content\/uploads\/2026\/01\/guhl-shampoo-tiefenaufbaureparatur-fuer-vielseitig-strapaziertesgeschaedigtes-haar-250ml-150x150.jpg",150,150,true],"medium":["https:\/\/homefamily.lt\/wp-content\/uploads\/2026\/01\/guhl-shampoo-tiefenaufbaureparatur-fuer-vielseitig-strapaziertesgeschaedigtes-haar-250ml-300x300.jpg",300,300,true],"medium_large":["https:\/\/homefamily.lt\/wp-content\/uploads\/2026\/01\/guhl-shampoo-tiefenaufbaureparatur-fuer-vielseitig-strapaziertesgeschaedigtes-haar-250ml-768x768.jpg",768,768,true],"large":["https:\/\/homefamily.lt\/wp-content\/uploads\/2026\/01\/guhl-shampoo-tiefenaufbaureparatur-fuer-vielseitig-strapaziertesgeschaedigtes-haar-250ml.jpg",800,800,false],"1536x1536":["https:\/\/homefamily.lt\/wp-content\/uploads\/2026\/01\/guhl-shampoo-tiefenaufbaureparatur-fuer-vielseitig-strapaziertesgeschaedigtes-haar-250ml.jpg",800,800,false],"2048x2048":["https:\/\/homefamily.lt\/wp-content\/uploads\/2026\/01\/guhl-shampoo-tiefenaufbaureparatur-fuer-vielseitig-strapaziertesgeschaedigtes-haar-250ml.jpg",800,800,false],"woocommerce_thumbnail":["https:\/\/homefamily.lt\/wp-content\/uploads\/2026\/01\/guhl-shampoo-tiefenaufbaureparatur-fuer-vielseitig-strapaziertesgeschaedigtes-haar-250ml-300x300.jpg",300,300,true],"woocommerce_single":["https:\/\/homefamily.lt\/wp-content\/uploads\/2026\/01\/guhl-shampoo-tiefenaufbaureparatur-fuer-vielseitig-strapaziertesgeschaedigtes-haar-250ml-600x600.jpg",600,600,true],"woocommerce_gallery_thumbnail":["https:\/\/homefamily.lt\/wp-content\/uploads\/2026\/01\/guhl-shampoo-tiefenaufbaureparatur-fuer-vielseitig-strapaziertesgeschaedigtes-haar-250ml-100x100.jpg",100,100,true]},"uagb_author_info":{"display_name":"homeandfamily.shop13@gmail.com","author_link":"https:\/\/homefamily.lt\/?author=0"},"uagb_comment_info":0,"uagb_excerpt":"\u201eGuhl\u201c prek\u0117s \u017eenklas. Jau daugiau nei 85 metus \u201eGuhl\u201c kuria auk\u0161tos kokyb\u0117s plauk\u0173 prie\u017ei\u016bros priemones, kuriomis galima pasikliauti. Tur\u0117dami daugiau nei 20 produkt\u0173 linij\u0173, jie si\u016blo sprendimus beveik kiekvienam plauk\u0173 poreikiui \u2013 plaukai atrodo akivaizd\u017eiai stipresni ir pamaitinti. \u201eGuhl\u201c produktai yra dermatologi\u0161kai patikrinti, be silikon\u0173, sertifikuoti PETA VEGANI\u0160KI, sukurti i\u0161 Europoje gaunam\u0173 ingredient\u0173 ir pagaminti&hellip;","_links":{"self":[{"href":"https:\/\/homefamily.lt\/index.php?rest_route=\/wp\/v2\/product\/2571","targetHints":{"allow":["GET"]}}],"collection":[{"href":"https:\/\/homefamily.lt\/index.php?rest_route=\/wp\/v2\/product"}],"about":[{"href":"https:\/\/homefamily.lt\/index.php?rest_route=\/wp\/v2\/types\/product"}],"replies":[{"embeddable":true,"href":"https:\/\/homefamily.lt\/index.php?rest_route=%2Fwp%2Fv2%2Fcomments&post=2571"}],"wp:featuredmedia":[{"embeddable":true,"href":"https:\/\/homefamily.lt\/index.php?rest_route=\/wp\/v2\/media\/2572"}],"wp:attachment":[{"href":"https:\/\/homefamily.lt\/index.php?rest_route=%2Fwp%2Fv2%2Fmedia&parent=2571"}],"wp:term":[{"taxonomy":"product_brand","embeddable":true,"href":"https:\/\/homefamily.lt\/index.php?rest_route=%2Fwp%2Fv2%2Fproduct_brand&post=2571"},{"taxonomy":"product_cat","embeddable":true,"href":"https:\/\/homefamily.lt\/index.php?rest_route=%2Fwp%2Fv2%2Fproduct_cat&post=2571"},{"taxonomy":"product_tag","embeddable":true,"href":"https:\/\/homefamily.lt\/index.php?rest_route=%2Fwp%2Fv2%2Fproduct_tag&post=2571"}],"curies":[{"name":"wp","href":"https:\/\/api.w.org\/{rel}","templated":true}]}}