{"id":2567,"date":"2026-01-31T18:50:03","date_gmt":"2026-01-31T18:50:03","guid":{"rendered":"https:\/\/homefamily.lt\/?post_type=product&#038;p=2567"},"modified":"2026-02-17T20:21:53","modified_gmt":"2026-02-17T20:21:53","slug":"giliai-atkuriantis-kondicionierius-guhl","status":"publish","type":"product","link":"https:\/\/homefamily.lt\/?product=giliai-atkuriantis-kondicionierius-guhl","title":{"rendered":"Giliai atkuriantis kondicionierius Guhl"},"content":{"rendered":"<p data-start=\"250\" data-end=\"429\"><strong data-start=\"250\" data-end=\"276\">Intensyvus atstatymas:<\/strong><br data-start=\"276\" data-end=\"279\" \/>Giliai atkuriantis kondicionierius atstato \u012fvairiai pa\u017eeistus, nusilpusius plaukus iki pat plauko skaidul\u0173 ir suteikia iki <strong data-start=\"402\" data-end=\"428\">93 % didesn\u012f atsparum\u0105<\/strong>.<\/p>\n<p data-start=\"431\" data-end=\"589\"><strong data-start=\"431\" data-end=\"452\">\u0160velni prie\u017ei\u016bra:<\/strong><br data-start=\"452\" data-end=\"455\" \/>Suteikia plaukams lengv\u0105, neapsunkinan\u010di\u0105 \u0161velnumo poj\u016bt\u012f ir ypa\u010d palengvina i\u0161\u0161ukavim\u0105, u\u017etikrindamas komforti\u0161k\u0105 galvos odos poj\u016bt\u012f.<\/p>\n<p data-start=\"591\" data-end=\"752\"><strong data-start=\"591\" data-end=\"608\">Gamtos galia:<\/strong><br data-start=\"608\" data-end=\"611\" \/>Migdol\u0173 aliejus saugo ir maitina, vy\u0161ni\u0173 \u017eiedai maloniai kvepia ir puosel\u0117ja, o augalinis keratinas padeda palaikyti sveik\u0105 plauk\u0173 strukt\u016br\u0105.<\/p>\n<p data-start=\"754\" data-end=\"936\"><strong data-start=\"754\" data-end=\"781\">Gilaus atk\u016brimo serija:<\/strong><br data-start=\"781\" data-end=\"784\" \/>\u0160amp\u016bnas, kondicionierius, intensyvus pur\u0161kiamas kondicionierius ir intensyvi atkuriamoji kauk\u0117 kryptingai regeneruoja ir saugo plaukus iki pat galiuk\u0173.<\/p>\n<p data-start=\"94\" data-end=\"141\"><strong data-start=\"94\" data-end=\"139\">Dermatologi\u0161kai patvirtinta<\/strong><\/p>\n<ul data-start=\"142\" data-end=\"248\">\n<li data-start=\"142\" data-end=\"187\">\n<p data-start=\"144\" data-end=\"187\">98 % sudedam\u0173j\u0173 dali\u0173 \u2013 nat\u016bralios kilm\u0117s<\/p>\n<\/li>\n<li data-start=\"188\" data-end=\"222\">\n<p data-start=\"190\" data-end=\"222\">Perdirbamas buteliuko korpusas<\/p>\n<\/li>\n<li data-start=\"223\" data-end=\"248\">\n<p data-start=\"225\" data-end=\"248\">Pagaminta Vokietijoje<\/p>\n<\/li>\n<\/ul>\n<div class=\"elementor-element elementor-element-3916045 elementor-widget elementor-widget-heading\" data-id=\"3916045\" data-element_type=\"widget\" data-widget_type=\"heading.default\">\n<div class=\"elementor-widget-container\">\n<pre class=\"elementor-heading-title elementor-size-default\"><\/pre>\n<\/div>\n<\/div>\n","protected":false},"excerpt":{"rendered":"<p><strong><span dir=\"auto\">\u201eGuhl\u201c prek\u0117s \u017eenklas.<\/span><\/strong><\/p>\n<p>Jau daugiau nei 85 metus \u201eGuhl\u201c kuria auk\u0161tos kokyb\u0117s plauk\u0173 prie\u017ei\u016bros priemones, kuriomis galima pasikliauti. Tur\u0117dami daugiau nei 20 produkt\u0173 linij\u0173, jie si\u016blo sprendimus beveik kiekvienam plauk\u0173 poreikiui \u2013 plaukai atrodo akivaizd\u017eiai stipresni ir pamaitinti. \u201eGuhl\u201c produktai yra dermatologi\u0161kai patikrinti, be silikon\u0173, sertifikuoti PETA VEGANI\u0160KI, sukurti i\u0161 Europoje gaunam\u0173 ingredient\u0173 ir pagaminti Vokietijoje. Prabangios putos, i\u0161skirtiniai kvapai ir \u0161velnios tekst\u016bros kiekvien\u0105 plovim\u0105 paver\u010dia tikru palepinimo ritualu.<\/p>\n","protected":false},"featured_media":2568,"comment_status":"open","ping_status":"closed","template":"","meta":{"_uag_custom_page_level_css":"","site-sidebar-layout":"no-sidebar","site-content-layout":"boxed-container","ast-site-content-layout":"normal-width-container","site-content-style":"boxed","site-sidebar-style":"boxed","ast-global-header-display":"","ast-banner-title-visibility":"","ast-main-header-display":"","ast-hfb-above-header-display":"","ast-hfb-below-header-display":"","ast-hfb-mobile-header-display":"","site-post-title":"","ast-breadcrumbs-content":"","ast-featured-img":"","footer-sml-layout":"","ast-disable-related-posts":"","theme-transparent-header-meta":"default","adv-header-id-meta":"","stick-header-meta":"","header-above-stick-meta":"","header-main-stick-meta":"","header-below-stick-meta":"","astra-migrate-meta-layouts":"set","ast-page-background-enabled":"default","ast-page-background-meta":{"desktop":{"background-color":"","background-image":"","background-repeat":"repeat","background-position":"center center","background-size":"auto","background-attachment":"scroll","background-type":"","background-media":"","overlay-type":"","overlay-color":"","overlay-opacity":"","overlay-gradient":""},"tablet":{"background-color":"","background-image":"","background-repeat":"repeat","background-position":"center center","background-size":"auto","background-attachment":"scroll","background-type":"","background-media":"","overlay-type":"","overlay-color":"","overlay-opacity":"","overlay-gradient":""},"mobile":{"background-color":"","background-image":"","background-repeat":"repeat","background-position":"center center","background-size":"auto","background-attachment":"scroll","background-type":"","background-media":"","overlay-type":"","overlay-color":"","overlay-opacity":"","overlay-gradient":""}},"ast-content-background-meta":{"desktop":{"background-color":"var(--ast-global-color-5)","background-image":"","background-repeat":"repeat","background-position":"center center","background-size":"auto","background-attachment":"scroll","background-type":"","background-media":"","overlay-type":"","overlay-color":"","overlay-opacity":"","overlay-gradient":""},"tablet":{"background-color":"var(--ast-global-color-5)","background-image":"","background-repeat":"repeat","background-position":"center center","background-size":"auto","background-attachment":"scroll","background-type":"","background-media":"","overlay-type":"","overlay-color":"","overlay-opacity":"","overlay-gradient":""},"mobile":{"background-color":"var(--ast-global-color-5)","background-image":"","background-repeat":"repeat","background-position":"center center","background-size":"auto","background-attachment":"scroll","background-type":"","background-media":"","overlay-type":"","overlay-color":"","overlay-opacity":"","overlay-gradient":""}}},"product_brand":[41],"product_cat":[40],"product_tag":[],"class_list":{"0":"post-2567","1":"product","2":"type-product","3":"status-publish","4":"has-post-thumbnail","6":"product_brand-guhl","7":"product_cat-plaukams","8":"desktop-align-left","9":"tablet-align-left","10":"mobile-align-left","12":"first","13":"instock","14":"shipping-taxable","15":"purchasable","16":"product-type-simple"},"uagb_featured_image_src":{"full":["https:\/\/homefamily.lt\/wp-content\/uploads\/2026\/01\/4072600282380_c.webp",1024,1195,false],"thumbnail":["https:\/\/homefamily.lt\/wp-content\/uploads\/2026\/01\/4072600282380_c-150x150.webp",150,150,true],"medium":["https:\/\/homefamily.lt\/wp-content\/uploads\/2026\/01\/4072600282380_c-257x300.webp",257,300,true],"medium_large":["https:\/\/homefamily.lt\/wp-content\/uploads\/2026\/01\/4072600282380_c-768x896.webp",768,896,true],"large":["https:\/\/homefamily.lt\/wp-content\/uploads\/2026\/01\/4072600282380_c-877x1024.webp",877,1024,true],"1536x1536":["https:\/\/homefamily.lt\/wp-content\/uploads\/2026\/01\/4072600282380_c.webp",1024,1195,false],"2048x2048":["https:\/\/homefamily.lt\/wp-content\/uploads\/2026\/01\/4072600282380_c.webp",1024,1195,false],"woocommerce_thumbnail":["https:\/\/homefamily.lt\/wp-content\/uploads\/2026\/01\/4072600282380_c-300x300.webp",300,300,true],"woocommerce_single":["https:\/\/homefamily.lt\/wp-content\/uploads\/2026\/01\/4072600282380_c-600x700.webp",600,700,true],"woocommerce_gallery_thumbnail":["https:\/\/homefamily.lt\/wp-content\/uploads\/2026\/01\/4072600282380_c-100x100.webp",100,100,true]},"uagb_author_info":{"display_name":"homeandfamily.shop13@gmail.com","author_link":"https:\/\/homefamily.lt\/?author=0"},"uagb_comment_info":0,"uagb_excerpt":"\u201eGuhl\u201c prek\u0117s \u017eenklas. Jau daugiau nei 85 metus \u201eGuhl\u201c kuria auk\u0161tos kokyb\u0117s plauk\u0173 prie\u017ei\u016bros priemones, kuriomis galima pasikliauti. Tur\u0117dami daugiau nei 20 produkt\u0173 linij\u0173, jie si\u016blo sprendimus beveik kiekvienam plauk\u0173 poreikiui \u2013 plaukai atrodo akivaizd\u017eiai stipresni ir pamaitinti. \u201eGuhl\u201c produktai yra dermatologi\u0161kai patikrinti, be silikon\u0173, sertifikuoti PETA VEGANI\u0160KI, sukurti i\u0161 Europoje gaunam\u0173 ingredient\u0173 ir pagaminti&hellip;","_links":{"self":[{"href":"https:\/\/homefamily.lt\/index.php?rest_route=\/wp\/v2\/product\/2567","targetHints":{"allow":["GET"]}}],"collection":[{"href":"https:\/\/homefamily.lt\/index.php?rest_route=\/wp\/v2\/product"}],"about":[{"href":"https:\/\/homefamily.lt\/index.php?rest_route=\/wp\/v2\/types\/product"}],"replies":[{"embeddable":true,"href":"https:\/\/homefamily.lt\/index.php?rest_route=%2Fwp%2Fv2%2Fcomments&post=2567"}],"wp:featuredmedia":[{"embeddable":true,"href":"https:\/\/homefamily.lt\/index.php?rest_route=\/wp\/v2\/media\/2568"}],"wp:attachment":[{"href":"https:\/\/homefamily.lt\/index.php?rest_route=%2Fwp%2Fv2%2Fmedia&parent=2567"}],"wp:term":[{"taxonomy":"product_brand","embeddable":true,"href":"https:\/\/homefamily.lt\/index.php?rest_route=%2Fwp%2Fv2%2Fproduct_brand&post=2567"},{"taxonomy":"product_cat","embeddable":true,"href":"https:\/\/homefamily.lt\/index.php?rest_route=%2Fwp%2Fv2%2Fproduct_cat&post=2567"},{"taxonomy":"product_tag","embeddable":true,"href":"https:\/\/homefamily.lt\/index.php?rest_route=%2Fwp%2Fv2%2Fproduct_tag&post=2567"}],"curies":[{"name":"wp","href":"https:\/\/api.w.org\/{rel}","templated":true}]}}