{"id":2562,"date":"2026-01-31T18:39:18","date_gmt":"2026-01-31T18:39:18","guid":{"rendered":"https:\/\/homefamily.lt\/?post_type=product&#038;p=2562"},"modified":"2026-02-17T20:21:53","modified_gmt":"2026-02-17T20:21:53","slug":"intensyviai-drekinantis-kondicionierius-guhl","status":"publish","type":"product","link":"https:\/\/homefamily.lt\/?product=intensyviai-drekinantis-kondicionierius-guhl","title":{"rendered":"Intensyviai dr\u0117kinantis kondicionierius Guhl"},"content":{"rendered":"<p data-start=\"228\" data-end=\"399\"><strong data-start=\"228\" data-end=\"262\">Ilgalaik\u0117 gaiva be apsunkinimo<\/strong><br data-start=\"262\" data-end=\"265\" \/>Lengvas kondicionierius intensyviai dr\u0117kina normalius ir greitai riebaluojan\u010dius plaukus, suteikdamas jiems gaivos ir lengvumo poj\u016bt\u012f.<\/p>\n<p data-start=\"401\" data-end=\"551\"><strong data-start=\"401\" data-end=\"433\">Gyvybingi ir stipr\u016bs plaukai<\/strong><br data-start=\"433\" data-end=\"436\" \/>Formul\u0117 be silikon\u0173 stiprina plaukus nuo \u0161akn\u0173 iki galiuk\u0173 ir padeda i\u0161laikyti ilgalaik\u012f \u0161varos bei gaivumo jausm\u0105.<\/p>\n<p data-start=\"553\" data-end=\"693\"><strong data-start=\"553\" data-end=\"586\">Gaivinanti, vegani\u0161ka formul\u0117<\/strong><br data-start=\"586\" data-end=\"589\" \/>Su citrinmelise, kuri atgaivina plaukus ir galvos od\u0105 bei suteikia nat\u016bralios energijos kiekvien\u0105 dien\u0105.<\/p>\n<p data-start=\"695\" data-end=\"859\"><strong data-start=\"695\" data-end=\"724\">Gaivos ir lengvumo serija<\/strong><br data-start=\"724\" data-end=\"727\" \/>\u0160amp\u016bnas ir kondicionierius be silikon\u0173 \u2013 \u0161velniai, bet veiksmingai valo, gaivina galvos od\u0105 ir padeda i\u0161laikyti plauk\u0173 gyvybingum\u0105.<\/p>\n<ul data-start=\"96\" data-end=\"226\">\n<li data-start=\"96\" data-end=\"127\">\n<p data-start=\"98\" data-end=\"127\">Dermatologi\u0161kai patvirtinta<\/p>\n<\/li>\n<li data-start=\"128\" data-end=\"173\">\n<p data-start=\"130\" data-end=\"173\">98 % sudedam\u0173j\u0173 dali\u0173 \u2013 nat\u016bralios kilm\u0117s<\/p>\n<\/li>\n<li data-start=\"174\" data-end=\"200\">\n<p data-start=\"176\" data-end=\"200\">Perdirbamas buteliukas<\/p>\n<\/li>\n<li data-start=\"201\" data-end=\"226\">\n<p data-start=\"203\" data-end=\"226\">Pagaminta Vokietijoje<\/p>\n<\/li>\n<\/ul>\n<div class=\"elementor-element elementor-element-3916045 elementor-widget elementor-widget-heading\" data-id=\"3916045\" data-element_type=\"widget\" data-widget_type=\"heading.default\">\n<div class=\"elementor-widget-container\">\n<pre class=\"elementor-heading-title elementor-size-default\"><\/pre>\n<\/div>\n<\/div>\n","protected":false},"excerpt":{"rendered":"<p><strong><span dir=\"auto\">\u201eGuhl\u201c prek\u0117s \u017eenklas.<\/span><\/strong><\/p>\n<p>Jau daugiau nei 85 metus \u201eGuhl\u201c kuria auk\u0161tos kokyb\u0117s plauk\u0173 prie\u017ei\u016bros priemones, kuriomis galima pasikliauti. Tur\u0117dami daugiau nei 20 produkt\u0173 linij\u0173, jie si\u016blo sprendimus beveik kiekvienam plauk\u0173 poreikiui \u2013 plaukai atrodo akivaizd\u017eiai stipresni ir pamaitinti. \u201eGuhl\u201c produktai yra dermatologi\u0161kai patikrinti, be silikon\u0173, sertifikuoti PETA VEGANI\u0160KI, sukurti i\u0161 Europoje gaunam\u0173 ingredient\u0173 ir pagaminti Vokietijoje. Prabangios putos, i\u0161skirtiniai kvapai ir \u0161velnios tekst\u016bros kiekvien\u0105 plovim\u0105 paver\u010dia tikru palepinimo ritualu.<\/p>\n","protected":false},"featured_media":2563,"comment_status":"open","ping_status":"closed","template":"","meta":{"_uag_custom_page_level_css":"","site-sidebar-layout":"no-sidebar","site-content-layout":"boxed-container","ast-site-content-layout":"normal-width-container","site-content-style":"boxed","site-sidebar-style":"boxed","ast-global-header-display":"","ast-banner-title-visibility":"","ast-main-header-display":"","ast-hfb-above-header-display":"","ast-hfb-below-header-display":"","ast-hfb-mobile-header-display":"","site-post-title":"","ast-breadcrumbs-content":"","ast-featured-img":"","footer-sml-layout":"","ast-disable-related-posts":"","theme-transparent-header-meta":"default","adv-header-id-meta":"","stick-header-meta":"","header-above-stick-meta":"","header-main-stick-meta":"","header-below-stick-meta":"","astra-migrate-meta-layouts":"set","ast-page-background-enabled":"default","ast-page-background-meta":{"desktop":{"background-color":"","background-image":"","background-repeat":"repeat","background-position":"center center","background-size":"auto","background-attachment":"scroll","background-type":"","background-media":"","overlay-type":"","overlay-color":"","overlay-opacity":"","overlay-gradient":""},"tablet":{"background-color":"","background-image":"","background-repeat":"repeat","background-position":"center center","background-size":"auto","background-attachment":"scroll","background-type":"","background-media":"","overlay-type":"","overlay-color":"","overlay-opacity":"","overlay-gradient":""},"mobile":{"background-color":"","background-image":"","background-repeat":"repeat","background-position":"center center","background-size":"auto","background-attachment":"scroll","background-type":"","background-media":"","overlay-type":"","overlay-color":"","overlay-opacity":"","overlay-gradient":""}},"ast-content-background-meta":{"desktop":{"background-color":"var(--ast-global-color-5)","background-image":"","background-repeat":"repeat","background-position":"center center","background-size":"auto","background-attachment":"scroll","background-type":"","background-media":"","overlay-type":"","overlay-color":"","overlay-opacity":"","overlay-gradient":""},"tablet":{"background-color":"var(--ast-global-color-5)","background-image":"","background-repeat":"repeat","background-position":"center center","background-size":"auto","background-attachment":"scroll","background-type":"","background-media":"","overlay-type":"","overlay-color":"","overlay-opacity":"","overlay-gradient":""},"mobile":{"background-color":"var(--ast-global-color-5)","background-image":"","background-repeat":"repeat","background-position":"center center","background-size":"auto","background-attachment":"scroll","background-type":"","background-media":"","overlay-type":"","overlay-color":"","overlay-opacity":"","overlay-gradient":""}}},"product_brand":[41],"product_cat":[40],"product_tag":[],"class_list":{"0":"post-2562","1":"product","2":"type-product","3":"status-publish","4":"has-post-thumbnail","6":"product_brand-guhl","7":"product_cat-plaukams","8":"desktop-align-left","9":"tablet-align-left","10":"mobile-align-left","12":"first","13":"instock","14":"shipping-taxable","15":"purchasable","16":"product-type-simple"},"uagb_featured_image_src":{"full":["https:\/\/homefamily.lt\/wp-content\/uploads\/2026\/01\/4072600282335_c.webp",1024,1195,false],"thumbnail":["https:\/\/homefamily.lt\/wp-content\/uploads\/2026\/01\/4072600282335_c-150x150.webp",150,150,true],"medium":["https:\/\/homefamily.lt\/wp-content\/uploads\/2026\/01\/4072600282335_c-257x300.webp",257,300,true],"medium_large":["https:\/\/homefamily.lt\/wp-content\/uploads\/2026\/01\/4072600282335_c-768x896.webp",768,896,true],"large":["https:\/\/homefamily.lt\/wp-content\/uploads\/2026\/01\/4072600282335_c-877x1024.webp",877,1024,true],"1536x1536":["https:\/\/homefamily.lt\/wp-content\/uploads\/2026\/01\/4072600282335_c.webp",1024,1195,false],"2048x2048":["https:\/\/homefamily.lt\/wp-content\/uploads\/2026\/01\/4072600282335_c.webp",1024,1195,false],"woocommerce_thumbnail":["https:\/\/homefamily.lt\/wp-content\/uploads\/2026\/01\/4072600282335_c-300x300.webp",300,300,true],"woocommerce_single":["https:\/\/homefamily.lt\/wp-content\/uploads\/2026\/01\/4072600282335_c-600x700.webp",600,700,true],"woocommerce_gallery_thumbnail":["https:\/\/homefamily.lt\/wp-content\/uploads\/2026\/01\/4072600282335_c-100x100.webp",100,100,true]},"uagb_author_info":{"display_name":"homeandfamily.shop13@gmail.com","author_link":"https:\/\/homefamily.lt\/?author=0"},"uagb_comment_info":0,"uagb_excerpt":"\u201eGuhl\u201c prek\u0117s \u017eenklas. Jau daugiau nei 85 metus \u201eGuhl\u201c kuria auk\u0161tos kokyb\u0117s plauk\u0173 prie\u017ei\u016bros priemones, kuriomis galima pasikliauti. Tur\u0117dami daugiau nei 20 produkt\u0173 linij\u0173, jie si\u016blo sprendimus beveik kiekvienam plauk\u0173 poreikiui \u2013 plaukai atrodo akivaizd\u017eiai stipresni ir pamaitinti. \u201eGuhl\u201c produktai yra dermatologi\u0161kai patikrinti, be silikon\u0173, sertifikuoti PETA VEGANI\u0160KI, sukurti i\u0161 Europoje gaunam\u0173 ingredient\u0173 ir pagaminti&hellip;","_links":{"self":[{"href":"https:\/\/homefamily.lt\/index.php?rest_route=\/wp\/v2\/product\/2562","targetHints":{"allow":["GET"]}}],"collection":[{"href":"https:\/\/homefamily.lt\/index.php?rest_route=\/wp\/v2\/product"}],"about":[{"href":"https:\/\/homefamily.lt\/index.php?rest_route=\/wp\/v2\/types\/product"}],"replies":[{"embeddable":true,"href":"https:\/\/homefamily.lt\/index.php?rest_route=%2Fwp%2Fv2%2Fcomments&post=2562"}],"wp:featuredmedia":[{"embeddable":true,"href":"https:\/\/homefamily.lt\/index.php?rest_route=\/wp\/v2\/media\/2563"}],"wp:attachment":[{"href":"https:\/\/homefamily.lt\/index.php?rest_route=%2Fwp%2Fv2%2Fmedia&parent=2562"}],"wp:term":[{"taxonomy":"product_brand","embeddable":true,"href":"https:\/\/homefamily.lt\/index.php?rest_route=%2Fwp%2Fv2%2Fproduct_brand&post=2562"},{"taxonomy":"product_cat","embeddable":true,"href":"https:\/\/homefamily.lt\/index.php?rest_route=%2Fwp%2Fv2%2Fproduct_cat&post=2562"},{"taxonomy":"product_tag","embeddable":true,"href":"https:\/\/homefamily.lt\/index.php?rest_route=%2Fwp%2Fv2%2Fproduct_tag&post=2562"}],"curies":[{"name":"wp","href":"https:\/\/api.w.org\/{rel}","templated":true}]}}