{"id":2559,"date":"2026-01-31T18:30:07","date_gmt":"2026-01-31T18:30:07","guid":{"rendered":"https:\/\/homefamily.lt\/?post_type=product&#038;p=2559"},"modified":"2026-02-17T20:21:53","modified_gmt":"2026-02-17T20:21:53","slug":"plauku-sampunas-guhl-intensyvus-stiprinimas","status":"publish","type":"product","link":"https:\/\/homefamily.lt\/?product=plauku-sampunas-guhl-intensyvus-stiprinimas","title":{"rendered":"Plauk\u0173 \u0161amp\u016bnas Guhl \u201eIntensyvus stiprinimas\u201c"},"content":{"rendered":"<p><strong><span dir=\"auto\">\u201eGuhl&#8217;s Intensive Strengthening\u201c \u0161amp\u016bnas stiprina plaukus i\u0161 vidaus, apgaubtas gaivinan\u010diu jazmin\u0173 ir abrikos\u0173 aromatu.<\/span><\/strong><span dir=\"auto\">\u00a0Ploni plaukai pastebimai sustipr\u0117ja nuo \u0161akn\u0173. J\u016bs\u0173 plaukai tampa \u017eymiai atsparesni, o l\u016b\u017ein\u0117jimas pastebimai suma\u017e\u0117ja. Reguliariai naudojant nedidel\u012f kiek\u012f \u0161ios be silikono formul\u0117s, praturtintos stiprinamuoju alumi, plaukai tampa lengviau i\u0161\u0161ukuojami ir pastebimai tankesni. Sodrios, kremin\u0117s putos \u0161velnios j\u016bs\u0173 galvos odai ir suteikia plaukams naujos j\u0117gos bei ilgalaik\u0117s apimties \u2013 nes alus yra m\u016bs\u0173 slaptas intensyvaus stiprinimo ingredientas!<\/span><\/p>\n<p>Be silikon\u0173<\/p>\n<p>Be paraben\u0173<\/p>\n<p>Be mikroplastiko<\/p>\n<p>Voki\u0161kas produktas<\/p>\n<div class=\"elementor-element elementor-element-3916045 elementor-widget elementor-widget-heading\" data-id=\"3916045\" data-element_type=\"widget\" data-widget_type=\"heading.default\">\n<div class=\"elementor-widget-container\">\n<pre class=\"elementor-heading-title elementor-size-default\"><\/pre>\n<\/div>\n<\/div>\n","protected":false},"excerpt":{"rendered":"<p>\u201eGuhl&#8217;s Intensive Strengthening\u201c \u0161amp\u016bnas stiprina plaukus i\u0161 vidaus, apgaubtas gaivinan\u010diu jazmin\u0173 ir abrikos\u0173 aromatu.\u00a0Ploni plaukai pastebimai sustipr\u0117ja nuo \u0161akn\u0173. J\u016bs\u0173 plaukai tampa \u017eymiai atsparesni, o l\u016b\u017ein\u0117jimas pastebimai suma\u017e\u0117ja. Reguliariai naudojant nedidel\u012f kiek\u012f \u0161ios be silikono formul\u0117s, praturtintos stiprinamuoju alumi, plaukai tampa lengviau i\u0161\u0161ukuojami ir pastebimai tankesni. Sodrios, kremin\u0117s putos \u0161velnios j\u016bs\u0173 galvos odai ir suteikia [&hellip;]<\/p>\n","protected":false},"featured_media":2560,"comment_status":"open","ping_status":"closed","template":"","meta":{"_uag_custom_page_level_css":"","site-sidebar-layout":"no-sidebar","site-content-layout":"boxed-container","ast-site-content-layout":"normal-width-container","site-content-style":"boxed","site-sidebar-style":"boxed","ast-global-header-display":"","ast-banner-title-visibility":"","ast-main-header-display":"","ast-hfb-above-header-display":"","ast-hfb-below-header-display":"","ast-hfb-mobile-header-display":"","site-post-title":"","ast-breadcrumbs-content":"","ast-featured-img":"","footer-sml-layout":"","ast-disable-related-posts":"","theme-transparent-header-meta":"default","adv-header-id-meta":"","stick-header-meta":"","header-above-stick-meta":"","header-main-stick-meta":"","header-below-stick-meta":"","astra-migrate-meta-layouts":"set","ast-page-background-enabled":"default","ast-page-background-meta":{"desktop":{"background-color":"","background-image":"","background-repeat":"repeat","background-position":"center center","background-size":"auto","background-attachment":"scroll","background-type":"","background-media":"","overlay-type":"","overlay-color":"","overlay-opacity":"","overlay-gradient":""},"tablet":{"background-color":"","background-image":"","background-repeat":"repeat","background-position":"center center","background-size":"auto","background-attachment":"scroll","background-type":"","background-media":"","overlay-type":"","overlay-color":"","overlay-opacity":"","overlay-gradient":""},"mobile":{"background-color":"","background-image":"","background-repeat":"repeat","background-position":"center center","background-size":"auto","background-attachment":"scroll","background-type":"","background-media":"","overlay-type":"","overlay-color":"","overlay-opacity":"","overlay-gradient":""}},"ast-content-background-meta":{"desktop":{"background-color":"var(--ast-global-color-5)","background-image":"","background-repeat":"repeat","background-position":"center center","background-size":"auto","background-attachment":"scroll","background-type":"","background-media":"","overlay-type":"","overlay-color":"","overlay-opacity":"","overlay-gradient":""},"tablet":{"background-color":"var(--ast-global-color-5)","background-image":"","background-repeat":"repeat","background-position":"center center","background-size":"auto","background-attachment":"scroll","background-type":"","background-media":"","overlay-type":"","overlay-color":"","overlay-opacity":"","overlay-gradient":""},"mobile":{"background-color":"var(--ast-global-color-5)","background-image":"","background-repeat":"repeat","background-position":"center center","background-size":"auto","background-attachment":"scroll","background-type":"","background-media":"","overlay-type":"","overlay-color":"","overlay-opacity":"","overlay-gradient":""}}},"product_brand":[41],"product_cat":[40],"product_tag":[],"class_list":{"0":"post-2559","1":"product","2":"type-product","3":"status-publish","4":"has-post-thumbnail","6":"product_brand-guhl","7":"product_cat-plaukams","8":"desktop-align-left","9":"tablet-align-left","10":"mobile-align-left","12":"first","13":"instock","14":"shipping-taxable","15":"purchasable","16":"product-type-simple"},"uagb_featured_image_src":{"full":["https:\/\/homefamily.lt\/wp-content\/uploads\/2026\/01\/s-l1600-2.webp",1600,1600,false],"thumbnail":["https:\/\/homefamily.lt\/wp-content\/uploads\/2026\/01\/s-l1600-2-150x150.webp",150,150,true],"medium":["https:\/\/homefamily.lt\/wp-content\/uploads\/2026\/01\/s-l1600-2-300x300.webp",300,300,true],"medium_large":["https:\/\/homefamily.lt\/wp-content\/uploads\/2026\/01\/s-l1600-2-768x768.webp",768,768,true],"large":["https:\/\/homefamily.lt\/wp-content\/uploads\/2026\/01\/s-l1600-2-1024x1024.webp",1024,1024,true],"1536x1536":["https:\/\/homefamily.lt\/wp-content\/uploads\/2026\/01\/s-l1600-2-1536x1536.webp",1536,1536,true],"2048x2048":["https:\/\/homefamily.lt\/wp-content\/uploads\/2026\/01\/s-l1600-2.webp",1600,1600,false],"woocommerce_thumbnail":["https:\/\/homefamily.lt\/wp-content\/uploads\/2026\/01\/s-l1600-2-300x300.webp",300,300,true],"woocommerce_single":["https:\/\/homefamily.lt\/wp-content\/uploads\/2026\/01\/s-l1600-2-600x600.webp",600,600,true],"woocommerce_gallery_thumbnail":["https:\/\/homefamily.lt\/wp-content\/uploads\/2026\/01\/s-l1600-2-100x100.webp",100,100,true]},"uagb_author_info":{"display_name":"homeandfamily.shop13@gmail.com","author_link":"https:\/\/homefamily.lt\/?author=0"},"uagb_comment_info":0,"uagb_excerpt":"\u201eGuhl&#8217;s Intensive Strengthening\u201c \u0161amp\u016bnas stiprina plaukus i\u0161 vidaus, apgaubtas gaivinan\u010diu jazmin\u0173 ir abrikos\u0173 aromatu.\u00a0Ploni plaukai pastebimai sustipr\u0117ja nuo \u0161akn\u0173. J\u016bs\u0173 plaukai tampa \u017eymiai atsparesni, o l\u016b\u017ein\u0117jimas pastebimai suma\u017e\u0117ja. Reguliariai naudojant nedidel\u012f kiek\u012f \u0161ios be silikono formul\u0117s, praturtintos stiprinamuoju alumi, plaukai tampa lengviau i\u0161\u0161ukuojami ir pastebimai tankesni. Sodrios, kremin\u0117s putos \u0161velnios j\u016bs\u0173 galvos odai ir suteikia&hellip;","_links":{"self":[{"href":"https:\/\/homefamily.lt\/index.php?rest_route=\/wp\/v2\/product\/2559","targetHints":{"allow":["GET"]}}],"collection":[{"href":"https:\/\/homefamily.lt\/index.php?rest_route=\/wp\/v2\/product"}],"about":[{"href":"https:\/\/homefamily.lt\/index.php?rest_route=\/wp\/v2\/types\/product"}],"replies":[{"embeddable":true,"href":"https:\/\/homefamily.lt\/index.php?rest_route=%2Fwp%2Fv2%2Fcomments&post=2559"}],"wp:featuredmedia":[{"embeddable":true,"href":"https:\/\/homefamily.lt\/index.php?rest_route=\/wp\/v2\/media\/2560"}],"wp:attachment":[{"href":"https:\/\/homefamily.lt\/index.php?rest_route=%2Fwp%2Fv2%2Fmedia&parent=2559"}],"wp:term":[{"taxonomy":"product_brand","embeddable":true,"href":"https:\/\/homefamily.lt\/index.php?rest_route=%2Fwp%2Fv2%2Fproduct_brand&post=2559"},{"taxonomy":"product_cat","embeddable":true,"href":"https:\/\/homefamily.lt\/index.php?rest_route=%2Fwp%2Fv2%2Fproduct_cat&post=2559"},{"taxonomy":"product_tag","embeddable":true,"href":"https:\/\/homefamily.lt\/index.php?rest_route=%2Fwp%2Fv2%2Fproduct_tag&post=2559"}],"curies":[{"name":"wp","href":"https:\/\/api.w.org\/{rel}","templated":true}]}}