{"id":2540,"date":"2026-01-28T17:04:23","date_gmt":"2026-01-28T17:04:23","guid":{"rendered":"https:\/\/homefamily.lt\/?post_type=product&#038;p=2540"},"modified":"2026-02-17T20:21:53","modified_gmt":"2026-02-17T20:21:53","slug":"drekinamasis-sampunas-guhl-su-naturalia-hialurono-rugstimi","status":"publish","type":"product","link":"https:\/\/homefamily.lt\/?product=drekinamasis-sampunas-guhl-su-naturalia-hialurono-rugstimi","title":{"rendered":"Dr\u0117kinamasis \u0161amp\u016bnas Guhl su nat\u016bralia hialurono r\u016bg\u0161timi"},"content":{"rendered":"<p>Dr\u0117kinamasis \u201eGuhl Hyaluron\u207a\u201c \u0161amp\u016bnas sausiems plaukams. Su nat\u016braliu hialuronu intensyviai dr\u0117kina, puosel\u0117ja iki pat galiuk\u0173 ir suteikia sveik\u0105 \u017evilges\u012f. Gaivus citrus\u0173 ir balt\u0173j\u0173 g\u0117li\u0173 aromatas.<\/p>\n<p>Be silikon\u0173<\/p>\n<p>Be paraben\u0173<\/p>\n<p>Be mikroplastiko<\/p>\n<p>Voki\u0161kas produktas<\/p>\n<div class=\"elementor-element elementor-element-3916045 elementor-widget elementor-widget-heading\" data-id=\"3916045\" data-element_type=\"widget\" data-widget_type=\"heading.default\">\n<div class=\"elementor-widget-container\">\n<pre class=\"elementor-heading-title elementor-size-default\"><\/pre>\n<\/div>\n<\/div>\n","protected":false},"excerpt":{"rendered":"<p>Dr\u0117kinamasis \u201eGuhl Hyaluron\u207a\u201c \u0161amp\u016bnas sausiems plaukams. Su nat\u016braliu hialuronu intensyviai dr\u0117kina, puosel\u0117ja iki pat galiuk\u0173 ir suteikia sveik\u0105 \u017evilges\u012f. Gaivus citrus\u0173 ir balt\u0173j\u0173 g\u0117li\u0173 aromatas. Be silikon\u0173 Be paraben\u0173 Be mikroplastiko Voki\u0161kas produktas<\/p>\n","protected":false},"featured_media":2548,"comment_status":"open","ping_status":"closed","template":"","meta":{"_uag_custom_page_level_css":"","site-sidebar-layout":"no-sidebar","site-content-layout":"boxed-container","ast-site-content-layout":"normal-width-container","site-content-style":"boxed","site-sidebar-style":"boxed","ast-global-header-display":"","ast-banner-title-visibility":"","ast-main-header-display":"","ast-hfb-above-header-display":"","ast-hfb-below-header-display":"","ast-hfb-mobile-header-display":"","site-post-title":"","ast-breadcrumbs-content":"","ast-featured-img":"","footer-sml-layout":"","ast-disable-related-posts":"","theme-transparent-header-meta":"default","adv-header-id-meta":"","stick-header-meta":"","header-above-stick-meta":"","header-main-stick-meta":"","header-below-stick-meta":"","astra-migrate-meta-layouts":"set","ast-page-background-enabled":"default","ast-page-background-meta":{"desktop":{"background-color":"","background-image":"","background-repeat":"repeat","background-position":"center center","background-size":"auto","background-attachment":"scroll","background-type":"","background-media":"","overlay-type":"","overlay-color":"","overlay-opacity":"","overlay-gradient":""},"tablet":{"background-color":"","background-image":"","background-repeat":"repeat","background-position":"center center","background-size":"auto","background-attachment":"scroll","background-type":"","background-media":"","overlay-type":"","overlay-color":"","overlay-opacity":"","overlay-gradient":""},"mobile":{"background-color":"","background-image":"","background-repeat":"repeat","background-position":"center center","background-size":"auto","background-attachment":"scroll","background-type":"","background-media":"","overlay-type":"","overlay-color":"","overlay-opacity":"","overlay-gradient":""}},"ast-content-background-meta":{"desktop":{"background-color":"var(--ast-global-color-5)","background-image":"","background-repeat":"repeat","background-position":"center center","background-size":"auto","background-attachment":"scroll","background-type":"","background-media":"","overlay-type":"","overlay-color":"","overlay-opacity":"","overlay-gradient":""},"tablet":{"background-color":"var(--ast-global-color-5)","background-image":"","background-repeat":"repeat","background-position":"center center","background-size":"auto","background-attachment":"scroll","background-type":"","background-media":"","overlay-type":"","overlay-color":"","overlay-opacity":"","overlay-gradient":""},"mobile":{"background-color":"var(--ast-global-color-5)","background-image":"","background-repeat":"repeat","background-position":"center center","background-size":"auto","background-attachment":"scroll","background-type":"","background-media":"","overlay-type":"","overlay-color":"","overlay-opacity":"","overlay-gradient":""}}},"product_brand":[41],"product_cat":[40],"product_tag":[],"class_list":{"0":"post-2540","1":"product","2":"type-product","3":"status-publish","4":"has-post-thumbnail","6":"product_brand-guhl","7":"product_cat-plaukams","8":"desktop-align-left","9":"tablet-align-left","10":"mobile-align-left","12":"first","13":"instock","14":"shipping-taxable","15":"purchasable","16":"product-type-simple"},"uagb_featured_image_src":{"full":["https:\/\/homefamily.lt\/wp-content\/uploads\/2026\/01\/41410_21196d61.768x768.avif",768,768,false],"thumbnail":["https:\/\/homefamily.lt\/wp-content\/uploads\/2026\/01\/41410_21196d61.768x768-150x150.avif",150,150,true],"medium":["https:\/\/homefamily.lt\/wp-content\/uploads\/2026\/01\/41410_21196d61.768x768-300x300.avif",300,300,true],"medium_large":["https:\/\/homefamily.lt\/wp-content\/uploads\/2026\/01\/41410_21196d61.768x768.avif",768,768,false],"large":["https:\/\/homefamily.lt\/wp-content\/uploads\/2026\/01\/41410_21196d61.768x768.avif",768,768,false],"1536x1536":["https:\/\/homefamily.lt\/wp-content\/uploads\/2026\/01\/41410_21196d61.768x768.avif",768,768,false],"2048x2048":["https:\/\/homefamily.lt\/wp-content\/uploads\/2026\/01\/41410_21196d61.768x768.avif",768,768,false],"woocommerce_thumbnail":["https:\/\/homefamily.lt\/wp-content\/uploads\/2026\/01\/41410_21196d61.768x768-300x300.avif",300,300,true],"woocommerce_single":["https:\/\/homefamily.lt\/wp-content\/uploads\/2026\/01\/41410_21196d61.768x768-600x600.avif",600,600,true],"woocommerce_gallery_thumbnail":["https:\/\/homefamily.lt\/wp-content\/uploads\/2026\/01\/41410_21196d61.768x768-100x100.avif",100,100,true]},"uagb_author_info":{"display_name":"homeandfamily.shop13@gmail.com","author_link":"https:\/\/homefamily.lt\/?author=0"},"uagb_comment_info":0,"uagb_excerpt":"Dr\u0117kinamasis \u201eGuhl Hyaluron\u207a\u201c \u0161amp\u016bnas sausiems plaukams. Su nat\u016braliu hialuronu intensyviai dr\u0117kina, puosel\u0117ja iki pat galiuk\u0173 ir suteikia sveik\u0105 \u017evilges\u012f. Gaivus citrus\u0173 ir balt\u0173j\u0173 g\u0117li\u0173 aromatas. Be silikon\u0173 Be paraben\u0173 Be mikroplastiko Voki\u0161kas produktas","_links":{"self":[{"href":"https:\/\/homefamily.lt\/index.php?rest_route=\/wp\/v2\/product\/2540","targetHints":{"allow":["GET"]}}],"collection":[{"href":"https:\/\/homefamily.lt\/index.php?rest_route=\/wp\/v2\/product"}],"about":[{"href":"https:\/\/homefamily.lt\/index.php?rest_route=\/wp\/v2\/types\/product"}],"replies":[{"embeddable":true,"href":"https:\/\/homefamily.lt\/index.php?rest_route=%2Fwp%2Fv2%2Fcomments&post=2540"}],"wp:featuredmedia":[{"embeddable":true,"href":"https:\/\/homefamily.lt\/index.php?rest_route=\/wp\/v2\/media\/2548"}],"wp:attachment":[{"href":"https:\/\/homefamily.lt\/index.php?rest_route=%2Fwp%2Fv2%2Fmedia&parent=2540"}],"wp:term":[{"taxonomy":"product_brand","embeddable":true,"href":"https:\/\/homefamily.lt\/index.php?rest_route=%2Fwp%2Fv2%2Fproduct_brand&post=2540"},{"taxonomy":"product_cat","embeddable":true,"href":"https:\/\/homefamily.lt\/index.php?rest_route=%2Fwp%2Fv2%2Fproduct_cat&post=2540"},{"taxonomy":"product_tag","embeddable":true,"href":"https:\/\/homefamily.lt\/index.php?rest_route=%2Fwp%2Fv2%2Fproduct_tag&post=2540"}],"curies":[{"name":"wp","href":"https:\/\/api.w.org\/{rel}","templated":true}]}}