{"id":2537,"date":"2026-01-28T16:51:53","date_gmt":"2026-01-28T16:51:53","guid":{"rendered":"https:\/\/homefamily.lt\/?post_type=product&#038;p=2537"},"modified":"2026-02-18T22:00:26","modified_gmt":"2026-02-18T22:00:26","slug":"plauku-sampunas-2","status":"publish","type":"product","link":"https:\/\/homefamily.lt\/?product=plauku-sampunas-2","title":{"rendered":"Plauk\u0173 \u0161amp\u016bnas Alpecin A3"},"content":{"rendered":"<p>Reguliarus \u201eAlpecin\u201c \u0161amp\u016bno nuo pleiskan\u0173 A3 naudojimas patikimai pa\u0161alina pleiskanas nuo galvos odos ir plauk\u0173 bei apsaugo nuo nauj\u0173 pleiskan\u0173 susidarymo. Priemoni\u0173 nuo pleiskan\u0173 kompleksas, sudarytas i\u0161 piroktono olamino ir fumaro r\u016bg\u0161ties, yra ilgalaikiai veiksmingas net ir prie\u0161 \u012fsisen\u0117jusias pleiskanas. Odos aktyvatorius padeda galvos odai palaikyti ir stabilizuoti jos barjerin\u0119 funkcij\u0105. Jis saugo plauk\u0173 \u0161aknis ir u\u017etikrina stiprius, gyvybingus plaukus.<\/p>\n<ul>\n<li data-start=\"51\" data-end=\"131\">\n<p data-start=\"53\" data-end=\"131\">Reguliariai naudojant \u0161amp\u016bn\u0105, u\u017ekertamas kelias nauj\u0173 pleiskan\u0173 atsiradimui<\/p>\n<\/li>\n<li data-start=\"132\" data-end=\"296\">\n<p data-start=\"134\" data-end=\"296\">Nuo pleiskan\u0173 skirtas kompleksas, sudarytas i\u0161 piroktono olamino ir fumaro r\u016bg\u0161ties, ilgalaik\u0117je perspektyvoje veiksmingas net ir prie\u0161 \u012fsisen\u0117jusias pleiskanas<\/p>\n<\/li>\n<li data-start=\"297\" data-end=\"332\">\n<p data-start=\"299\" data-end=\"332\">Tinka tik riebiosioms pleiskanoms<\/p>\n<\/li>\n<\/ul>\n<p><strong>Naudojimas:\u00a0<\/strong>nedidel\u012f \u0161amp\u016bno kiek\u012f tepkite ant dr\u0117gn\u0173 plauk\u0173, \u012fmasa\u017euokite ir kruop\u0161\u010diai nuskalaukite.<\/p>\n","protected":false},"excerpt":{"rendered":"<p>Reguliarus \u201eAlpecin\u201c \u0161amp\u016bno nuo pleiskan\u0173 A3 naudojimas patikimai pa\u0161alina pleiskanas nuo galvos odos ir plauk\u0173 bei apsaugo nuo nauj\u0173 pleiskan\u0173 susidarymo. Priemoni\u0173 nuo pleiskan\u0173 kompleksas, sudarytas i\u0161 piroktono olamino ir fumaro r\u016bg\u0161ties, yra ilgalaikiai veiksmingas net ir prie\u0161 \u012fsisen\u0117jusias pleiskanas. Odos aktyvatorius padeda galvos odai palaikyti ir stabilizuoti jos barjerin\u0119 funkcij\u0105. Jis saugo plauk\u0173 \u0161aknis [&hellip;]<\/p>\n","protected":false},"featured_media":2538,"comment_status":"open","ping_status":"closed","template":"","meta":{"_uag_custom_page_level_css":"","site-sidebar-layout":"default","site-content-layout":"","ast-site-content-layout":"default","site-content-style":"default","site-sidebar-style":"default","ast-global-header-display":"","ast-banner-title-visibility":"","ast-main-header-display":"","ast-hfb-above-header-display":"","ast-hfb-below-header-display":"","ast-hfb-mobile-header-display":"","site-post-title":"","ast-breadcrumbs-content":"","ast-featured-img":"","footer-sml-layout":"","ast-disable-related-posts":"","theme-transparent-header-meta":"default","adv-header-id-meta":"","stick-header-meta":"","header-above-stick-meta":"","header-main-stick-meta":"","header-below-stick-meta":"","astra-migrate-meta-layouts":"set","ast-page-background-enabled":"default","ast-page-background-meta":{"desktop":{"background-color":"","background-image":"","background-repeat":"repeat","background-position":"center center","background-size":"auto","background-attachment":"scroll","background-type":"","background-media":"","overlay-type":"","overlay-color":"","overlay-opacity":"","overlay-gradient":""},"tablet":{"background-color":"","background-image":"","background-repeat":"repeat","background-position":"center center","background-size":"auto","background-attachment":"scroll","background-type":"","background-media":"","overlay-type":"","overlay-color":"","overlay-opacity":"","overlay-gradient":""},"mobile":{"background-color":"","background-image":"","background-repeat":"repeat","background-position":"center center","background-size":"auto","background-attachment":"scroll","background-type":"","background-media":"","overlay-type":"","overlay-color":"","overlay-opacity":"","overlay-gradient":""}},"ast-content-background-meta":{"desktop":{"background-color":"var(--ast-global-color-5)","background-image":"","background-repeat":"repeat","background-position":"center center","background-size":"auto","background-attachment":"scroll","background-type":"","background-media":"","overlay-type":"","overlay-color":"","overlay-opacity":"","overlay-gradient":""},"tablet":{"background-color":"var(--ast-global-color-5)","background-image":"","background-repeat":"repeat","background-position":"center center","background-size":"auto","background-attachment":"scroll","background-type":"","background-media":"","overlay-type":"","overlay-color":"","overlay-opacity":"","overlay-gradient":""},"mobile":{"background-color":"var(--ast-global-color-5)","background-image":"","background-repeat":"repeat","background-position":"center center","background-size":"auto","background-attachment":"scroll","background-type":"","background-media":"","overlay-type":"","overlay-color":"","overlay-opacity":"","overlay-gradient":""}}},"product_brand":[42],"product_cat":[40],"product_tag":[],"class_list":{"0":"post-2537","1":"product","2":"type-product","3":"status-publish","4":"has-post-thumbnail","6":"product_brand-alpecin","7":"product_cat-plaukams","8":"desktop-align-left","9":"tablet-align-left","10":"mobile-align-left","12":"first","13":"instock","14":"shipping-taxable","15":"purchasable","16":"product-type-simple"},"uagb_featured_image_src":{"full":["https:\/\/homefamily.lt\/wp-content\/uploads\/2026\/01\/56634f755cc966b5c249a5b008b617eb_reference.webp",1000,1000,false],"thumbnail":["https:\/\/homefamily.lt\/wp-content\/uploads\/2026\/01\/56634f755cc966b5c249a5b008b617eb_reference-150x150.webp",150,150,true],"medium":["https:\/\/homefamily.lt\/wp-content\/uploads\/2026\/01\/56634f755cc966b5c249a5b008b617eb_reference-300x300.webp",300,300,true],"medium_large":["https:\/\/homefamily.lt\/wp-content\/uploads\/2026\/01\/56634f755cc966b5c249a5b008b617eb_reference-768x768.webp",768,768,true],"large":["https:\/\/homefamily.lt\/wp-content\/uploads\/2026\/01\/56634f755cc966b5c249a5b008b617eb_reference.webp",1000,1000,false],"1536x1536":["https:\/\/homefamily.lt\/wp-content\/uploads\/2026\/01\/56634f755cc966b5c249a5b008b617eb_reference.webp",1000,1000,false],"2048x2048":["https:\/\/homefamily.lt\/wp-content\/uploads\/2026\/01\/56634f755cc966b5c249a5b008b617eb_reference.webp",1000,1000,false],"woocommerce_thumbnail":["https:\/\/homefamily.lt\/wp-content\/uploads\/2026\/01\/56634f755cc966b5c249a5b008b617eb_reference-300x300.webp",300,300,true],"woocommerce_single":["https:\/\/homefamily.lt\/wp-content\/uploads\/2026\/01\/56634f755cc966b5c249a5b008b617eb_reference-600x600.webp",600,600,true],"woocommerce_gallery_thumbnail":["https:\/\/homefamily.lt\/wp-content\/uploads\/2026\/01\/56634f755cc966b5c249a5b008b617eb_reference-100x100.webp",100,100,true]},"uagb_author_info":{"display_name":"homeandfamily.shop13@gmail.com","author_link":"https:\/\/homefamily.lt\/?author=0"},"uagb_comment_info":0,"uagb_excerpt":"Reguliarus \u201eAlpecin\u201c \u0161amp\u016bno nuo pleiskan\u0173 A3 naudojimas patikimai pa\u0161alina pleiskanas nuo galvos odos ir plauk\u0173 bei apsaugo nuo nauj\u0173 pleiskan\u0173 susidarymo. Priemoni\u0173 nuo pleiskan\u0173 kompleksas, sudarytas i\u0161 piroktono olamino ir fumaro r\u016bg\u0161ties, yra ilgalaikiai veiksmingas net ir prie\u0161 \u012fsisen\u0117jusias pleiskanas. Odos aktyvatorius padeda galvos odai palaikyti ir stabilizuoti jos barjerin\u0119 funkcij\u0105. Jis saugo plauk\u0173 \u0161aknis&hellip;","_links":{"self":[{"href":"https:\/\/homefamily.lt\/index.php?rest_route=\/wp\/v2\/product\/2537","targetHints":{"allow":["GET"]}}],"collection":[{"href":"https:\/\/homefamily.lt\/index.php?rest_route=\/wp\/v2\/product"}],"about":[{"href":"https:\/\/homefamily.lt\/index.php?rest_route=\/wp\/v2\/types\/product"}],"replies":[{"embeddable":true,"href":"https:\/\/homefamily.lt\/index.php?rest_route=%2Fwp%2Fv2%2Fcomments&post=2537"}],"wp:featuredmedia":[{"embeddable":true,"href":"https:\/\/homefamily.lt\/index.php?rest_route=\/wp\/v2\/media\/2538"}],"wp:attachment":[{"href":"https:\/\/homefamily.lt\/index.php?rest_route=%2Fwp%2Fv2%2Fmedia&parent=2537"}],"wp:term":[{"taxonomy":"product_brand","embeddable":true,"href":"https:\/\/homefamily.lt\/index.php?rest_route=%2Fwp%2Fv2%2Fproduct_brand&post=2537"},{"taxonomy":"product_cat","embeddable":true,"href":"https:\/\/homefamily.lt\/index.php?rest_route=%2Fwp%2Fv2%2Fproduct_cat&post=2537"},{"taxonomy":"product_tag","embeddable":true,"href":"https:\/\/homefamily.lt\/index.php?rest_route=%2Fwp%2Fv2%2Fproduct_tag&post=2537"}],"curies":[{"name":"wp","href":"https:\/\/api.w.org\/{rel}","templated":true}]}}