{"id":2517,"date":"2026-01-27T07:01:22","date_gmt":"2026-01-27T07:01:22","guid":{"rendered":"https:\/\/homefamily.lt\/?post_type=product&#038;p=2517"},"modified":"2026-02-17T20:21:53","modified_gmt":"2026-02-17T20:21:53","slug":"plauku-sampunas","status":"publish","type":"product","link":"https:\/\/homefamily.lt\/?product=plauku-sampunas","title":{"rendered":"Plauk\u0173 \u0161amp\u016bnas Alpencin S1"},"content":{"rendered":"<p data-start=\"47\" data-end=\"411\">Skirta jautriai galvos odai. \u201eSensitive Shampoo S1\u201c yra ypa\u010d \u0161velnus galvos odai ir plaukams. Veikli\u0173j\u0173 med\u017eiag\u0173 kompleksas su kofeinu padeda palaikyti ir stabilizuoti galvos odos barjerin\u0119 funkcij\u0105. Jis saugo plauk\u0173 \u0161aknis ir stiprina plaukus. Stiprinamos nat\u016bralios odos apsaugin\u0117s funkcijos, o galvos oda apsaugoma nuo \u017ealingo aplinkos poveikio.<\/p>\n<p data-start=\"413\" data-end=\"955\"><strong data-start=\"413\" data-end=\"427\">Alantoinas<\/strong> \u2013 nat\u016brali apsauga nuo nie\u017e\u0117jimo ir u\u017edegimini\u0173 proces\u0173, ypa\u010d tinkama jautriai ir lengvai sudirginamai galvos odai.<br data-start=\"543\" data-end=\"546\" \/><strong data-start=\"546\" data-end=\"560\">Pantenolis<\/strong> \u2013 B grup\u0117s provitaminas, sukuriantis dr\u0117gm\u0117s rezerv\u0105 galvos odai ir plaukams. Ma\u017eina tempimo poj\u016bt\u012f.<br data-start=\"661\" data-end=\"664\" \/><strong data-start=\"664\" data-end=\"722\" data-is-only-node=\"\">Aminor\u016bg\u0161\u010di\u0173 pagrindo pavir\u0161iaus aktyviosios med\u017eiagos<\/strong> \u0161velniai valo plaukus ir jautri\u0105 galvos od\u0105.<br data-start=\"767\" data-end=\"770\" \/><strong data-start=\"770\" data-end=\"782\">Kofeinas<\/strong> aktyvina odos regeneracij\u0105 ir stiprina odos barjer\u0105, tod\u0117l oda i\u0161lieka atsparesn\u0117 i\u0161oriniams veiksniams.<br data-start=\"887\" data-end=\"890\" \/>Esant paveldimam polinkiui \u012f plauk\u0173 slinkim\u0105, papildomai rekomenduojame kasdien masa\u017euoti galvos od\u0105 naudojant \u201eAlpecin Liquid\u201c.<\/p>\n","protected":false},"excerpt":{"rendered":"<p>Skirta jautriai galvos odai. \u201eSensitive Shampoo S1\u201c yra ypa\u010d \u0161velnus galvos odai ir plaukams. Veikli\u0173j\u0173 med\u017eiag\u0173 kompleksas su kofeinu padeda palaikyti ir stabilizuoti galvos odos barjerin\u0119 funkcij\u0105. Jis saugo plauk\u0173 \u0161aknis ir stiprina plaukus. Stiprinamos nat\u016bralios odos apsaugin\u0117s funkcijos, o galvos oda apsaugoma nuo \u017ealingo aplinkos poveikio. Alantoinas \u2013 nat\u016brali apsauga nuo nie\u017e\u0117jimo ir u\u017edegimini\u0173 [&hellip;]<\/p>\n","protected":false},"featured_media":2536,"comment_status":"open","ping_status":"closed","template":"","meta":{"_uag_custom_page_level_css":"","site-sidebar-layout":"default","site-content-layout":"","ast-site-content-layout":"default","site-content-style":"default","site-sidebar-style":"default","ast-global-header-display":"","ast-banner-title-visibility":"","ast-main-header-display":"","ast-hfb-above-header-display":"","ast-hfb-below-header-display":"","ast-hfb-mobile-header-display":"","site-post-title":"","ast-breadcrumbs-content":"","ast-featured-img":"","footer-sml-layout":"","ast-disable-related-posts":"","theme-transparent-header-meta":"default","adv-header-id-meta":"","stick-header-meta":"","header-above-stick-meta":"","header-main-stick-meta":"","header-below-stick-meta":"","astra-migrate-meta-layouts":"set","ast-page-background-enabled":"default","ast-page-background-meta":{"desktop":{"background-color":"","background-image":"","background-repeat":"repeat","background-position":"center center","background-size":"auto","background-attachment":"scroll","background-type":"","background-media":"","overlay-type":"","overlay-color":"","overlay-opacity":"","overlay-gradient":""},"tablet":{"background-color":"","background-image":"","background-repeat":"repeat","background-position":"center center","background-size":"auto","background-attachment":"scroll","background-type":"","background-media":"","overlay-type":"","overlay-color":"","overlay-opacity":"","overlay-gradient":""},"mobile":{"background-color":"","background-image":"","background-repeat":"repeat","background-position":"center center","background-size":"auto","background-attachment":"scroll","background-type":"","background-media":"","overlay-type":"","overlay-color":"","overlay-opacity":"","overlay-gradient":""}},"ast-content-background-meta":{"desktop":{"background-color":"var(--ast-global-color-5)","background-image":"","background-repeat":"repeat","background-position":"center center","background-size":"auto","background-attachment":"scroll","background-type":"","background-media":"","overlay-type":"","overlay-color":"","overlay-opacity":"","overlay-gradient":""},"tablet":{"background-color":"var(--ast-global-color-5)","background-image":"","background-repeat":"repeat","background-position":"center center","background-size":"auto","background-attachment":"scroll","background-type":"","background-media":"","overlay-type":"","overlay-color":"","overlay-opacity":"","overlay-gradient":""},"mobile":{"background-color":"var(--ast-global-color-5)","background-image":"","background-repeat":"repeat","background-position":"center center","background-size":"auto","background-attachment":"scroll","background-type":"","background-media":"","overlay-type":"","overlay-color":"","overlay-opacity":"","overlay-gradient":""}}},"product_brand":[42],"product_cat":[40],"product_tag":[],"class_list":{"0":"post-2517","1":"product","2":"type-product","3":"status-publish","4":"has-post-thumbnail","6":"product_brand-alpecin","7":"product_cat-plaukams","8":"desktop-align-left","9":"tablet-align-left","10":"mobile-align-left","12":"first","13":"instock","14":"shipping-taxable","15":"purchasable","16":"product-type-simple"},"uagb_featured_image_src":{"full":["https:\/\/homefamily.lt\/wp-content\/uploads\/2026\/01\/1646358819_w640_h640_alpecin-s1-sensitive.webp",750,750,false],"thumbnail":["https:\/\/homefamily.lt\/wp-content\/uploads\/2026\/01\/1646358819_w640_h640_alpecin-s1-sensitive-150x150.webp",150,150,true],"medium":["https:\/\/homefamily.lt\/wp-content\/uploads\/2026\/01\/1646358819_w640_h640_alpecin-s1-sensitive-300x300.webp",300,300,true],"medium_large":["https:\/\/homefamily.lt\/wp-content\/uploads\/2026\/01\/1646358819_w640_h640_alpecin-s1-sensitive.webp",750,750,false],"large":["https:\/\/homefamily.lt\/wp-content\/uploads\/2026\/01\/1646358819_w640_h640_alpecin-s1-sensitive.webp",750,750,false],"1536x1536":["https:\/\/homefamily.lt\/wp-content\/uploads\/2026\/01\/1646358819_w640_h640_alpecin-s1-sensitive.webp",750,750,false],"2048x2048":["https:\/\/homefamily.lt\/wp-content\/uploads\/2026\/01\/1646358819_w640_h640_alpecin-s1-sensitive.webp",750,750,false],"woocommerce_thumbnail":["https:\/\/homefamily.lt\/wp-content\/uploads\/2026\/01\/1646358819_w640_h640_alpecin-s1-sensitive-300x300.webp",300,300,true],"woocommerce_single":["https:\/\/homefamily.lt\/wp-content\/uploads\/2026\/01\/1646358819_w640_h640_alpecin-s1-sensitive-600x600.webp",600,600,true],"woocommerce_gallery_thumbnail":["https:\/\/homefamily.lt\/wp-content\/uploads\/2026\/01\/1646358819_w640_h640_alpecin-s1-sensitive-100x100.webp",100,100,true]},"uagb_author_info":{"display_name":"homeandfamily.shop13@gmail.com","author_link":"https:\/\/homefamily.lt\/?author=0"},"uagb_comment_info":0,"uagb_excerpt":"Skirta jautriai galvos odai. \u201eSensitive Shampoo S1\u201c yra ypa\u010d \u0161velnus galvos odai ir plaukams. Veikli\u0173j\u0173 med\u017eiag\u0173 kompleksas su kofeinu padeda palaikyti ir stabilizuoti galvos odos barjerin\u0119 funkcij\u0105. Jis saugo plauk\u0173 \u0161aknis ir stiprina plaukus. Stiprinamos nat\u016bralios odos apsaugin\u0117s funkcijos, o galvos oda apsaugoma nuo \u017ealingo aplinkos poveikio. Alantoinas \u2013 nat\u016brali apsauga nuo nie\u017e\u0117jimo ir u\u017edegimini\u0173&hellip;","_links":{"self":[{"href":"https:\/\/homefamily.lt\/index.php?rest_route=\/wp\/v2\/product\/2517","targetHints":{"allow":["GET"]}}],"collection":[{"href":"https:\/\/homefamily.lt\/index.php?rest_route=\/wp\/v2\/product"}],"about":[{"href":"https:\/\/homefamily.lt\/index.php?rest_route=\/wp\/v2\/types\/product"}],"replies":[{"embeddable":true,"href":"https:\/\/homefamily.lt\/index.php?rest_route=%2Fwp%2Fv2%2Fcomments&post=2517"}],"wp:featuredmedia":[{"embeddable":true,"href":"https:\/\/homefamily.lt\/index.php?rest_route=\/wp\/v2\/media\/2536"}],"wp:attachment":[{"href":"https:\/\/homefamily.lt\/index.php?rest_route=%2Fwp%2Fv2%2Fmedia&parent=2517"}],"wp:term":[{"taxonomy":"product_brand","embeddable":true,"href":"https:\/\/homefamily.lt\/index.php?rest_route=%2Fwp%2Fv2%2Fproduct_brand&post=2517"},{"taxonomy":"product_cat","embeddable":true,"href":"https:\/\/homefamily.lt\/index.php?rest_route=%2Fwp%2Fv2%2Fproduct_cat&post=2517"},{"taxonomy":"product_tag","embeddable":true,"href":"https:\/\/homefamily.lt\/index.php?rest_route=%2Fwp%2Fv2%2Fproduct_tag&post=2517"}],"curies":[{"name":"wp","href":"https:\/\/api.w.org\/{rel}","templated":true}]}}